{"id":9,"date":"2024-12-21T15:30:21","date_gmt":"2024-12-21T15:30:21","guid":{"rendered":"https:\/\/nobeldigital.pl\/?page_id=9"},"modified":"2025-01-16T13:40:26","modified_gmt":"2025-01-16T13:40:26","slug":"glowna","status":"publish","type":"page","link":"https:\/\/nobeldigital.pl\/","title":{"rendered":"G\u0142\u00f3wna"},"content":{"rendered":"\n<div class=\"wp-block-uagb-container uagb-block-6c35f378 alignfull uagb-is-root-container\"><div class=\"uagb-container-inner-blocks-wrap\">\n<div class=\"wp-block-uagb-container uagb-block-028ccf00\"><div class=\"aligncenter wp-block-site-logo\"><a href=\"https:\/\/nobeldigital.pl\/\" class=\"custom-logo-link\" rel=\"home\"><img loading=\"lazy\" decoding=\"async\" width=\"164\" height=\"54\" src=\"https:\/\/nobeldigital.pl\/wp-content\/uploads\/2024\/12\/cropped-Bez-tytulu-1800-x-600-px.png\" class=\"custom-logo\" alt=\"Nobel Digital\" srcset=\"https:\/\/nobeldigital.pl\/wp-content\/uploads\/2024\/12\/cropped-Bez-tytulu-1800-x-600-px.png 1800w, https:\/\/nobeldigital.pl\/wp-content\/uploads\/2024\/12\/cropped-Bez-tytulu-1800-x-600-px-300x100.png 300w, https:\/\/nobeldigital.pl\/wp-content\/uploads\/2024\/12\/cropped-Bez-tytulu-1800-x-600-px-1024x341.png 1024w, https:\/\/nobeldigital.pl\/wp-content\/uploads\/2024\/12\/cropped-Bez-tytulu-1800-x-600-px-768x256.png 768w, https:\/\/nobeldigital.pl\/wp-content\/uploads\/2024\/12\/cropped-Bez-tytulu-1800-x-600-px-1536x511.png 1536w\" sizes=\"auto, (max-width: 164px) 100vw, 164px\" \/><\/a><\/div><\/div>\n<\/div><\/div>\n\n\n\n<div class=\"wp-block-uagb-container uagb-block-09e57f9e alignfull uagb-is-root-container\"><div class=\"uagb-container-inner-blocks-wrap\">\n<div class=\"wp-block-uagb-info-box uagb-block-adf23bff uagb-infobox__content-wrap  uagb-infobox-icon-above-title uagb-infobox-image-valign-top wp-block-uagb-info-box--has-margin\"><div class=\"uagb-infobox-margin-wrapper\"><div class=\"uagb-ifb-content\"><div class=\"uagb-ifb-title-wrap\"><p class=\"uagb-ifb-title-prefix\">NOBEL DIGITAL<\/p><h1 class=\"uagb-ifb-title\">Dbamy kompleksowo o ma\u0142e firmy <br>w wirtualnym \u015bwiecie internetu<\/h1><\/div><\/div><\/div><\/div>\n<\/div><\/div>\n\n\n\n<div class=\"wp-block-uagb-container uagb-block-1a35c24e alignfull uagb-is-root-container\"><div class=\"uagb-container__shape uagb-container__shape-top\"><svg xmlns=\"https:\/\/www.w3.org\/2000\/svg\" viewBox=\"0 0 937.5 120\" preserveAspectRatio=\"none\"><path class=\"uagb-container__shape-fill\" d=\"M937.5,124.3V0H0v124.3C0,100.8,227.4,2.9,578.9,4.1C926.9,0.3,937.5,100.4,937.5,124.3z\"><\/path><\/svg><\/div><div class=\"uagb-container-inner-blocks-wrap\">\n<h2 class=\"wp-block-heading has-text-align-center has-ast-global-color-7-color has-text-color has-link-color wp-elements-62978f56a5f167f30beca582b76c07b0\">Us\u0142ugi dla Ciebie<\/h2>\n\n\n\n<div class=\"wp-block-columns is-layout-flex wp-container-core-columns-is-layout-28f84493 wp-block-columns-is-layout-flex\">\n<div class=\"wp-block-column is-layout-flow wp-block-column-is-layout-flow\">\n<div data-aos= \"zoom-in\" data-aos-duration=\"400\" data-aos-delay=\"0\" data-aos-easing=\"ease\" data-aos-once=\"true\" class=\"wp-block-uagb-container uagb-block-b0932ff5\">\n<div class=\"wp-block-uagb-info-box uagb-block-e2f0f36e uagb-infobox__content-wrap  uagb-infobox-icon-above-title uagb-infobox-image-valign-top\"><div class=\"uagb-ifb-content\"><div class=\"uagb-ifb-icon-wrap\"><svg xmlns=\"https:\/\/www.w3.org\/2000\/svg\" viewBox=\"0 0 512 512\"><path d=\"M0 256C0 114.6 114.6 0 256 0C397.4 0 512 114.6 512 256C512 397.4 397.4 512 256 512C114.6 512 0 397.4 0 256zM371.8 211.8C382.7 200.9 382.7 183.1 371.8 172.2C360.9 161.3 343.1 161.3 332.2 172.2L224 280.4L179.8 236.2C168.9 225.3 151.1 225.3 140.2 236.2C129.3 247.1 129.3 264.9 140.2 275.8L204.2 339.8C215.1 350.7 232.9 350.7 243.8 339.8L371.8 211.8z\"><\/path><\/svg><\/div><div class=\"uagb-ifb-title-wrap\"><h3 class=\"uagb-ifb-title\">Projektowanie stron www<\/h3><\/div><p class=\"uagb-ifb-desc\">Tworzymy nowoczesne i responsywne strony internetowe, kt\u00f3re wyr\u00f3\u017cni\u0105 Twoj\u0105 firm\u0119 w sieci. Zadbamy o to, aby Twoja strona by\u0142a nie tylko estetyczna, ale przede wszystkim skuteczna w przyci\u0105ganiu klient\u00f3w. Oferujemy rozwi\u0105zania dopasowane do Twoich potrzeb i cel\u00f3w biznesowych..<\/p><\/div><\/div>\n<\/div>\n<\/div>\n\n\n\n<div class=\"wp-block-column is-layout-flow wp-block-column-is-layout-flow\">\n<div data-aos= \"zoom-in\" data-aos-duration=\"400\" data-aos-delay=\"0\" data-aos-easing=\"ease\" data-aos-once=\"true\" class=\"wp-block-uagb-container uagb-block-e4661f83\">\n<div class=\"wp-block-uagb-info-box uagb-block-6f140f60 uagb-infobox__content-wrap  uagb-infobox-icon-above-title uagb-infobox-image-valign-top\"><div class=\"uagb-ifb-content\"><div class=\"uagb-ifb-icon-wrap\"><svg xmlns=\"https:\/\/www.w3.org\/2000\/svg\" viewBox=\"0 0 512 512\"><path d=\"M0 256C0 114.6 114.6 0 256 0C397.4 0 512 114.6 512 256C512 397.4 397.4 512 256 512C114.6 512 0 397.4 0 256zM371.8 211.8C382.7 200.9 382.7 183.1 371.8 172.2C360.9 161.3 343.1 161.3 332.2 172.2L224 280.4L179.8 236.2C168.9 225.3 151.1 225.3 140.2 236.2C129.3 247.1 129.3 264.9 140.2 275.8L204.2 339.8C215.1 350.7 232.9 350.7 243.8 339.8L371.8 211.8z\"><\/path><\/svg><\/div><div class=\"uagb-ifb-title-wrap\"><h3 class=\"uagb-ifb-title\">Obs\u0142uga Social Media<\/h3><\/div><p class=\"uagb-ifb-desc\">Budujemy zaanga\u017cowanie Twoich klient\u00f3w i wzmacniamy wizerunek twojej marki w mediach spo\u0142eczno\u015bciowych. Tworzymy atrakcyjne tre\u015bci, planujemy kampanie i monitorujemy efekty, aby Twoja firma by\u0142a tam, gdzie Twoi klienci sp\u0119dzaj\u0105 czas. Skup si\u0119 na zarabianiu nam oddaj Social Media<\/p><\/div><\/div>\n<\/div>\n<\/div>\n\n\n\n<div class=\"wp-block-column is-layout-flow wp-block-column-is-layout-flow\">\n<div data-aos= \"zoom-in\" data-aos-duration=\"400\" data-aos-delay=\"0\" data-aos-easing=\"ease\" data-aos-once=\"true\" class=\"wp-block-uagb-container uagb-block-96fb6252\">\n<div class=\"wp-block-uagb-info-box uagb-block-8490f0ec uagb-infobox__content-wrap  uagb-infobox-icon-above-title uagb-infobox-image-valign-top\"><div class=\"uagb-ifb-content\"><div class=\"uagb-ifb-icon-wrap\"><svg xmlns=\"https:\/\/www.w3.org\/2000\/svg\" viewBox=\"0 0 512 512\"><path d=\"M0 256C0 114.6 114.6 0 256 0C397.4 0 512 114.6 512 256C512 397.4 397.4 512 256 512C114.6 512 0 397.4 0 256zM371.8 211.8C382.7 200.9 382.7 183.1 371.8 172.2C360.9 161.3 343.1 161.3 332.2 172.2L224 280.4L179.8 236.2C168.9 225.3 151.1 225.3 140.2 236.2C129.3 247.1 129.3 264.9 140.2 275.8L204.2 339.8C215.1 350.7 232.9 350.7 243.8 339.8L371.8 211.8z\"><\/path><\/svg><\/div><div class=\"uagb-ifb-title-wrap\"><h3 class=\"uagb-ifb-title\">Grafika i Video<\/h3><\/div><p class=\"uagb-ifb-desc\">Przyci\u0105gnij uwag\u0119 dzi\u0119ki profesjonalnym materia\u0142om graficznym i wideo. Projektujemy sp\u00f3jne wizualnie tre\u015bci, kt\u00f3re zapadaj\u0105 w pami\u0119\u0107 i wspieraj\u0105 Tw\u00f3j przekaz marketingowy. Dobre wra\u017cenie to pierwszy krok do sukcesu. Zj\u0119cie i film s\u0105 warte 1000 s\u0142\u00f3w.  Stworzymy wizualn\u0105 koncepcj\u0119 twojej firmy.<\/p><\/div><\/div>\n<\/div>\n<\/div>\n<\/div>\n\n\n\n<div class=\"wp-block-columns is-layout-flex wp-container-core-columns-is-layout-28f84493 wp-block-columns-is-layout-flex\">\n<div class=\"wp-block-column is-layout-flow wp-block-column-is-layout-flow\">\n<div data-aos= \"zoom-in\" data-aos-duration=\"400\" data-aos-delay=\"0\" data-aos-easing=\"ease\" data-aos-once=\"true\" class=\"wp-block-uagb-container uagb-block-effef5bc\">\n<div class=\"wp-block-uagb-info-box uagb-block-e65d007d uagb-infobox__content-wrap  uagb-infobox-icon-above-title uagb-infobox-image-valign-top\"><div class=\"uagb-ifb-content\"><div class=\"uagb-ifb-icon-wrap\"><svg xmlns=\"https:\/\/www.w3.org\/2000\/svg\" viewBox=\"0 0 512 512\"><path d=\"M0 256C0 114.6 114.6 0 256 0C397.4 0 512 114.6 512 256C512 397.4 397.4 512 256 512C114.6 512 0 397.4 0 256zM371.8 211.8C382.7 200.9 382.7 183.1 371.8 172.2C360.9 161.3 343.1 161.3 332.2 172.2L224 280.4L179.8 236.2C168.9 225.3 151.1 225.3 140.2 236.2C129.3 247.1 129.3 264.9 140.2 275.8L204.2 339.8C215.1 350.7 232.9 350.7 243.8 339.8L371.8 211.8z\"><\/path><\/svg><\/div><div class=\"uagb-ifb-title-wrap\"><h3 class=\"uagb-ifb-title\">Wdra\u017canie AI w firmach<\/h3><\/div><p class=\"uagb-ifb-desc\">Pomagamy firmom w wykorzystaniu sztucznej inteligencji, by oszcz\u0119dza\u0107 czas, automatyzowa\u0107 procesy i zwi\u0119ksza\u0107 zyski. Przekszta\u0142\u0107 swoj\u0105 firm\u0119 w innowacyjne przedsi\u0119biorstwo przysz\u0142o\u015bci z naszymi dedykowanymi rozwi\u0105zaniami AI.<\/p><\/div><\/div>\n<\/div>\n<\/div>\n\n\n\n<div class=\"wp-block-column is-layout-flow wp-block-column-is-layout-flow\">\n<div data-aos= \"zoom-in\" data-aos-duration=\"400\" data-aos-delay=\"0\" data-aos-easing=\"ease\" data-aos-once=\"true\" class=\"wp-block-uagb-container uagb-block-fc73360f\">\n<div class=\"wp-block-uagb-info-box uagb-block-8d9787c0 uagb-infobox__content-wrap  uagb-infobox-icon-above-title uagb-infobox-image-valign-top\"><div class=\"uagb-ifb-content\"><div class=\"uagb-ifb-icon-wrap\"><svg xmlns=\"https:\/\/www.w3.org\/2000\/svg\" viewBox=\"0 0 512 512\"><path d=\"M0 256C0 114.6 114.6 0 256 0C397.4 0 512 114.6 512 256C512 397.4 397.4 512 256 512C114.6 512 0 397.4 0 256zM371.8 211.8C382.7 200.9 382.7 183.1 371.8 172.2C360.9 161.3 343.1 161.3 332.2 172.2L224 280.4L179.8 236.2C168.9 225.3 151.1 225.3 140.2 236.2C129.3 247.1 129.3 264.9 140.2 275.8L204.2 339.8C215.1 350.7 232.9 350.7 243.8 339.8L371.8 211.8z\"><\/path><\/svg><\/div><div class=\"uagb-ifb-title-wrap\"><h3 class=\"uagb-ifb-title\">Produkty cyfrowe<\/h3><\/div><p class=\"uagb-ifb-desc\">Tworzymy cyfrowe produkty, kt\u00f3re wspieraj\u0105 rozw\u00f3j Twojego biznesu. Od e-book\u00f3w, lead magnety, kursy, czeck-listy, raporty, prezentacje \u2013 nasze rozwi\u0105zania pomagaj\u0105 generowa\u0107 dodatkowe przychody i wzmacniaj\u0105 relacje z klientami.<\/p><\/div><\/div>\n<\/div>\n<\/div>\n\n\n\n<div class=\"wp-block-column is-layout-flow wp-block-column-is-layout-flow\">\n<div data-aos= \"zoom-in\" data-aos-duration=\"400\" data-aos-delay=\"0\" data-aos-easing=\"ease\" data-aos-once=\"true\" class=\"wp-block-uagb-container uagb-block-47e088f5\">\n<div class=\"wp-block-uagb-info-box uagb-block-5ab026bb uagb-infobox__content-wrap  uagb-infobox-icon-above-title uagb-infobox-image-valign-top\"><div class=\"uagb-ifb-content\"><div class=\"uagb-ifb-icon-wrap\"><svg xmlns=\"https:\/\/www.w3.org\/2000\/svg\" viewBox=\"0 0 512 512\"><path d=\"M0 256C0 114.6 114.6 0 256 0C397.4 0 512 114.6 512 256C512 397.4 397.4 512 256 512C114.6 512 0 397.4 0 256zM371.8 211.8C382.7 200.9 382.7 183.1 371.8 172.2C360.9 161.3 343.1 161.3 332.2 172.2L224 280.4L179.8 236.2C168.9 225.3 151.1 225.3 140.2 236.2C129.3 247.1 129.3 264.9 140.2 275.8L204.2 339.8C215.1 350.7 232.9 350.7 243.8 339.8L371.8 211.8z\"><\/path><\/svg><\/div><div class=\"uagb-ifb-title-wrap\"><h3 class=\"uagb-ifb-title\">Reklama w internecie<\/h3><\/div><p class=\"uagb-ifb-desc\">Zwi\u0119ksz widoczno\u015b\u0107 swojej firmy w internecie dzi\u0119ki skutecznym kampaniom reklamowym. Dobieramy odpowiednie kana\u0142y, optymalizujemy bud\u017cet i dbamy o maksymalny zwrot z inwestycji. Przyci\u0105gnij wi\u0119cej klient\u00f3w i zwi\u0119ksz swoje zyski!<\/p><\/div><\/div>\n<\/div>\n<\/div>\n<\/div>\n<\/div><\/div>\n\n\n\n<div class=\"wp-block-uagb-container uagb-block-de205fd5 alignfull uagb-is-root-container\"><div class=\"uagb-container-inner-blocks-wrap\">\n<div class=\"wp-block-uagb-info-box uagb-block-990e3dca uagb-infobox__content-wrap  uagb-infobox-icon-above-title uagb-infobox-image-valign-top\"><div class=\"uagb-ifb-content\"><div class=\"uagb-ifb-title-wrap\"><h2 class=\"uagb-ifb-title\">Marketing, kt\u00f3ry dzia\u0142a. <br>Od idei do realizacji.<\/h2><\/div><p class=\"uagb-ifb-desc\">&#8222;Kreujemy przysz\u0142o\u015b\u0107 Twojej marki, oferuj\u0105c kompleksowe wsparcie marketingowe \u2013 od projektowania stron internetowych, obs\u0142ugi social media i tworzenia grafiki, przez produkcj\u0119 wideo, wdra\u017canie sztucznej inteligencji i rozw\u00f3j produkt\u00f3w cyfrowych, a\u017c po skuteczne kampanie reklamowe i indywidualne konsultacje \u2013 wszystko po to, by Tw\u00f3j biznes wyr\u00f3\u017cnia\u0142 si\u0119, rozwija\u0142 i odnosi\u0142 sukces w cyfrowym \u015bwiecie.&#8221;<\/p><\/div><\/div>\n<\/div><\/div>\n\n\n\n<div class=\"wp-block-uagb-container uag-blocks-common-selector uagb-block-ee3e29a7 alignfull uagb-is-root-container\"><div class=\"uagb-container-inner-blocks-wrap\">\n<div class=\"wp-block-uagb-info-box uagb-block-4303f376 uagb-infobox__content-wrap  uagb-infobox-icon-above-title uagb-infobox-image-valign-top\"><div class=\"uagb-ifb-content\"><div class=\"uagb-ifb-title-wrap\"><h2 class=\"uagb-ifb-title\">Cennik <\/h2><\/div><p class=\"uagb-ifb-desc\">Nasze us\u0142ugi dostosowujemy do indywidualnych potrzeb ka\u017cdej marki, aby zapewni\u0107 maksymalne efekty. Poni\u017cej znajdziesz szczeg\u00f3\u0142owy cennik. Je\u015bli masz specjalne wymagania, skontaktuj si\u0119 z nami \u2013 przygotujemy ofert\u0119 dopasowan\u0105 do Ciebie!<\/p><\/div><\/div>\n\n\n\n<div class=\"wp-block-uagb-container uagb-block-b3aa6e56\">\n<div class=\"wp-block-uagb-restaurant-menu uagb-block-5a878ad7 uagb-rm__desk-column-1 uagb-rm__tablet-column-1 uagb-rm__mobile-column-1\">\n<div data-aos= \"fade-right\" data-aos-duration=\"400\" data-aos-delay=\"0\" data-aos-easing=\"ease\" data-aos-once=\"true\" class=\"wp-block-uagb-restaurant-menu-child uagb-rest_menu__wrap uagb-rm__align-left uagb-rm__image-aligned-middle uagb-rm-stacked-mobile uagb-rm__desk-column-1 uagb-rm__tablet-column-2 uagb-rm__mobile-column-1\"><div class=\"uagb-rm__content\"><div class=\"uagb-rm-details\"><h6 class=\"uagb-rm__title\">Strona WWW<\/h6><div class=\"uagb-rm__desc\"><\/div><\/div><span class=\"uagb-rm__price\">od 990 z\u0142otych<\/span><\/div><div class=\"uagb-rm__separator\"><\/div><\/div>\n\n\n\n<div data-aos= \"fade-right\" data-aos-duration=\"400\" data-aos-delay=\"0\" data-aos-easing=\"ease\" data-aos-once=\"true\" class=\"wp-block-uagb-restaurant-menu-child uagb-rest_menu__wrap uagb-rm__align-left uagb-rm__image-aligned-middle uagb-rm-stacked-mobile uagb-rm__desk-column-1 uagb-rm__tablet-column-2 uagb-rm__mobile-column-1\"><div class=\"uagb-rm__content\"><div class=\"uagb-rm-details\"><h6 class=\"uagb-rm__title\">Obs\u0142uga Social Media<\/h6><div class=\"uagb-rm__desc\"><\/div><\/div><span class=\"uagb-rm__price\">od 500 z\u0142otych<\/span><\/div><div class=\"uagb-rm__separator\"><\/div><\/div>\n\n\n\n<div data-aos= \"fade-right\" data-aos-duration=\"400\" data-aos-delay=\"0\" data-aos-easing=\"ease\" data-aos-once=\"true\" class=\"wp-block-uagb-restaurant-menu-child uagb-rest_menu__wrap uagb-rm__align-left uagb-rm__image-aligned-middle uagb-rm-stacked-mobile uagb-rm__desk-column-1 uagb-rm__tablet-column-2 uagb-rm__mobile-column-1\"><div class=\"uagb-rm__content\"><div class=\"uagb-rm-details\"><h6 class=\"uagb-rm__title\">Grafika i Video<\/h6><div class=\"uagb-rm__desc\"><\/div><\/div><span class=\"uagb-rm__price\">wycena indywidualna<\/span><\/div><div class=\"uagb-rm__separator\"><\/div><\/div>\n<\/div>\n\n\n\n<div class=\"wp-block-uagb-restaurant-menu uagb-block-d8411305 uagb-rm__desk-column-1 uagb-rm__tablet-column-1 uagb-rm__mobile-column-1\">\n<div data-aos= \"fade-left\" data-aos-duration=\"400\" data-aos-delay=\"0\" data-aos-easing=\"ease\" data-aos-once=\"true\" class=\"wp-block-uagb-restaurant-menu-child uagb-rest_menu__wrap uagb-rm__align-left uagb-rm__image-aligned-middle uagb-rm-stacked-mobile uagb-rm__desk-column-1 uagb-rm__tablet-column-2 uagb-rm__mobile-column-1\"><div class=\"uagb-rm__content\"><div class=\"uagb-rm-details\"><h6 class=\"uagb-rm__title\">Wdra\u017canie AI w firmie<\/h6><div class=\"uagb-rm__desc\"><\/div><\/div><span class=\"uagb-rm__price\">wycena indywidualna<\/span><\/div><div class=\"uagb-rm__separator\"><\/div><\/div>\n\n\n\n<div data-aos= \"fade-left\" data-aos-duration=\"400\" data-aos-delay=\"0\" data-aos-easing=\"ease\" data-aos-once=\"true\" class=\"wp-block-uagb-restaurant-menu-child uagb-rest_menu__wrap uagb-rm__align-left uagb-rm__image-aligned-middle uagb-rm-stacked-mobile uagb-rm__desk-column-1 uagb-rm__tablet-column-2 uagb-rm__mobile-column-1\"><div class=\"uagb-rm__content\"><div class=\"uagb-rm-details\"><h6 class=\"uagb-rm__title\">Produkty cyfrowe<\/h6><div class=\"uagb-rm__desc\"><\/div><\/div><span class=\"uagb-rm__price\">od 250 z\u0142otych<\/span><\/div><div class=\"uagb-rm__separator\"><\/div><\/div>\n\n\n\n<div data-aos= \"fade-left\" data-aos-duration=\"400\" data-aos-delay=\"0\" data-aos-easing=\"ease\" data-aos-once=\"true\" class=\"wp-block-uagb-restaurant-menu-child uagb-rest_menu__wrap uagb-rm__align-left uagb-rm__image-aligned-middle uagb-rm-stacked-mobile uagb-rm__desk-column-1 uagb-rm__tablet-column-2 uagb-rm__mobile-column-1\"><div class=\"uagb-rm__content\"><div class=\"uagb-rm-details\"><h6 class=\"uagb-rm__title\">Obs\u0142uga reklamowa firmy<\/h6><div class=\"uagb-rm__desc\"><\/div><\/div><span class=\"uagb-rm__price\">od 500 z\u0142otych<\/span><\/div><div class=\"uagb-rm__separator\"><\/div><\/div>\n<\/div>\n<\/div>\n<\/div><\/div>\n\n\n\n<div class=\"wp-block-uagb-container uagb-block-1cca6035 alignfull uagb-is-root-container\"><div class=\"uagb-container-inner-blocks-wrap\">\n<div class=\"wp-block-uagb-info-box uagb-block-be3daac0 uagb-infobox__content-wrap  uagb-infobox-icon-above-title uagb-infobox-image-valign-top wp-block-uagb-info-box--has-margin\"><div class=\"uagb-infobox-margin-wrapper\"><div class=\"uagb-ifb-content\"><div class=\"uagb-ifb-title-wrap\"><h6 class=\"uagb-ifb-title-prefix\">Opinie<\/h6><h2 class=\"uagb-ifb-title\">Oni ju\u017c skorzystali z naszch us\u0142ug<\/h2><\/div><\/div><\/div><\/div>\n\n\n\n<div class=\"wp-block-uagb-testimonial uagb-slick-carousel uagb-tm__arrow-outside uagb-block-89e61ad5 uagb-post__carousel_equal-height uagb-post__carousel_notset\"><div class=\"is-carousel uagb-tm__columns-3 uagb-tm__items\"><div class=\"uagb-testimonial__wrap  uagb-tm__imgicon-style-circle uagb-tm__image-position-top uagb-tm__bg-type-color \"><div class=\"uagb-tm__content\"><div class=\"uagb-tm__overlay\"><\/div><div class=\"uagb-tm__text-wrap\"><div class=\"uagb-tm__desc\">&#8222;Jestem zachwycony wsp\u00f3\u0142prac\u0105! Strona internetowa zosta\u0142a wykonana szybko, profesjonalnie i zgodnie z moimi oczekiwaniami. Wszystkie szczeg\u00f3\u0142y zosta\u0142y dopracowane, a komunikacja by\u0142a bezproblemowa. Zdecydowanie polecam!&#8221;<\/div><div class=\"uagb-tm__meta-inner\"><div class=\"uagb-testimonial-details\"><span class=\"uagb-tm__author-name\">Andrzej<\/span><span class=\"uagb-tm__company\"><\/span><\/div><\/div><\/div><\/div><\/div><div class=\"uagb-testimonial__wrap  uagb-tm__imgicon-style-circle uagb-tm__image-position-top uagb-tm__bg-type-color \"><div class=\"uagb-tm__content\"><div class=\"uagb-tm__overlay\"><\/div><div class=\"uagb-tm__text-wrap\"><div class=\"uagb-tm__desc\">&#8222;Dzi\u0119ki wsp\u00f3\u0142pracy i \u015bwietnie przeprowadzonej kampanii w social mediach, nasz przych\u00f3d wzr\u00f3s\u0142 o 40% w ci\u0105gu miesi\u0105ca! Trafili\u015bmy do nowych klient\u00f3w, a nasze posty generuj\u0105 ogromne zaanga\u017cowanie. Polecam z ca\u0142ego serca!&#8221;<\/div><div class=\"uagb-tm__meta-inner\"><div class=\"uagb-testimonial-details\"><span class=\"uagb-tm__author-name\">Patrycja<\/span><span class=\"uagb-tm__company\"><\/span><\/div><\/div><\/div><\/div><\/div><div class=\"uagb-testimonial__wrap  uagb-tm__imgicon-style-circle uagb-tm__image-position-top uagb-tm__bg-type-color \"><div class=\"uagb-tm__content\"><div class=\"uagb-tm__overlay\"><\/div><div class=\"uagb-tm__text-wrap\"><div class=\"uagb-tm__desc\">&#8222;Wdro\u017cenie sztucznej inteligencji w naszej firmie okaza\u0142o si\u0119 strza\u0142em w dziesi\u0105tk\u0119! Dzi\u0119ki automatyzacji wielu proces\u00f3w, oszcz\u0119dzili\u015bmy czas i zasoby, a efektywno\u015b\u0107 naszego zespo\u0142u wzros\u0142a o 50%. AI pomog\u0142o nam zoptymalizowa\u0107 zarz\u0105dzanie, analiz\u0119 danych i obs\u0142ug\u0119 klienta. To rozwi\u0105zanie, kt\u00f3re zdecydowanie przynosi korzy\u015bci!&#8221;<\/div><div class=\"uagb-tm__meta-inner\"><div class=\"uagb-testimonial-details\"><span class=\"uagb-tm__author-name\">Krystian<\/span><span class=\"uagb-tm__company\"><\/span><\/div><\/div><\/div><\/div><\/div><\/div><\/div>\n<\/div><\/div>\n\n\n\n<div class=\"wp-block-columns alignwide is-layout-flex wp-container-core-columns-is-layout-28f84493 wp-block-columns-is-layout-flex\" style=\"box-shadow:var(--wp--preset--shadow--natural)\">\n<div class=\"wp-block-column is-layout-flow wp-block-column-is-layout-flow\">\n<div class=\"wp-block-uagb-advanced-heading uagb-block-e131fdcc\"><h2 class=\"uagb-heading-text\">Kontakt<\/h2><\/div>\n\n\n\n<div class=\"wp-block-uagb-icon-list uagb-block-a0f89537\"><div class=\"uagb-icon-list__wrap\">\n<div class=\"wp-block-uagb-icon-list-child uagb-block-ac2b2ff0\"><span class=\"uagb-icon-list__source-wrap\"><svg xmlns=\"https:\/\/www.w3.org\/2000\/svg\" viewBox=\"0 0 512 512\"><path d=\"M511.2 387l-23.25 100.8c-3.266 14.25-15.79 24.22-30.46 24.22C205.2 512 0 306.8 0 54.5c0-14.66 9.969-27.2 24.22-30.45l100.8-23.25C139.7-2.602 154.7 5.018 160.8 18.92l46.52 108.5c5.438 12.78 1.77 27.67-8.98 36.45L144.5 207.1c33.98 69.22 90.26 125.5 159.5 159.5l44.08-53.8c8.688-10.78 23.69-14.51 36.47-8.975l108.5 46.51C506.1 357.2 514.6 372.4 511.2 387z\"><\/path><\/svg><\/span><span class=\"uagb-icon-list__label\">Telefon  793-435-435<\/span><\/div>\n\n\n\n<div class=\"wp-block-uagb-icon-list-child uagb-block-4c85f8d6\"><span class=\"uagb-icon-list__source-wrap\"><svg xmlns=\"https:\/\/www.w3.org\/2000\/svg\" viewBox=\"0 0 512 512\"><path d=\"M207.8 20.73c-93.45 18.32-168.7 93.66-187 187.1c-27.64 140.9 68.65 266.2 199.1 285.1c19.01 2.888 36.17-12.26 36.17-31.49l.0001-.6631c0-15.74-11.44-28.88-26.84-31.24c-84.35-12.98-149.2-86.13-149.2-174.2c0-102.9 88.61-185.5 193.4-175.4c91.54 8.869 158.6 91.25 158.6 183.2l0 16.16c0 22.09-17.94 40.05-40 40.05s-40.01-17.96-40.01-40.05v-120.1c0-8.847-7.161-16.02-16.01-16.02l-31.98 .0036c-7.299 0-13.2 4.992-15.12 11.68c-24.85-12.15-54.24-16.38-86.06-5.106c-38.75 13.73-68.12 48.91-73.72 89.64c-9.483 69.01 43.81 128 110.9 128c26.44 0 50.43-9.544 69.59-24.88c24 31.3 65.23 48.69 109.4 37.49C465.2 369.3 496 324.1 495.1 277.2V256.3C495.1 107.1 361.2-9.332 207.8 20.73zM239.1 304.3c-26.47 0-48-21.56-48-48.05s21.53-48.05 48-48.05s48 21.56 48 48.05S266.5 304.3 239.1 304.3z\"><\/path><\/svg><\/span><span class=\"uagb-icon-list__label\">email: halo@nobeldigital.pl<\/span><\/div>\n<\/div><\/div>\n<\/div>\n<\/div>\n\n\n\n<div class=\"wp-block-uagb-container uagb-block-96681d34 alignfull uagb-is-root-container\"><div class=\"uagb-container-inner-blocks-wrap\">\n<div class=\"wp-block-uagb-container uagb-block-9db95f52\"><\/div>\n\n\n\n<div class=\"wp-block-uagb-container uagb-block-fd009613\"><\/div>\n\n\n\n<div class=\"wp-block-uagb-container uagb-block-86b15dfc\"><\/div>\n<\/div><\/div>\n","protected":false},"excerpt":{"rendered":"<p>Us\u0142ugi dla Ciebie Kontakt<\/p>\n","protected":false},"author":1,"featured_media":0,"parent":0,"menu_order":0,"comment_status":"closed","ping_status":"closed","template":"","meta":{"_uag_custom_page_level_css":"","site-sidebar-layout":"default","site-content-layout":"","ast-site-content-layout":"","site-content-style":"default","site-sidebar-style":"default","ast-global-header-display":"disabled","ast-banner-title-visibility":"disabled","ast-main-header-display":"","ast-hfb-above-header-display":"","ast-hfb-below-header-display":"","ast-hfb-mobile-header-display":"","site-post-title":"disabled","ast-breadcrumbs-content":"","ast-featured-img":"","footer-sml-layout":"disabled","theme-transparent-header-meta":"","adv-header-id-meta":"","stick-header-meta":"","header-above-stick-meta":"","header-main-stick-meta":"","header-below-stick-meta":"","astra-migrate-meta-layouts":"default","ast-page-background-enabled":"default","ast-page-background-meta":{"desktop":{"background-color":"var(--ast-global-color-4)","background-image":"","background-repeat":"repeat","background-position":"center center","background-size":"auto","background-attachment":"scroll","background-type":"","background-media":"","overlay-type":"","overlay-color":"","overlay-opacity":"","overlay-gradient":""},"tablet":{"background-color":"","background-image":"","background-repeat":"repeat","background-position":"center center","background-size":"auto","background-attachment":"scroll","background-type":"","background-media":"","overlay-type":"","overlay-color":"","overlay-opacity":"","overlay-gradient":""},"mobile":{"background-color":"","background-image":"","background-repeat":"repeat","background-position":"center center","background-size":"auto","background-attachment":"scroll","background-type":"","background-media":"","overlay-type":"","overlay-color":"","overlay-opacity":"","overlay-gradient":""}},"ast-content-background-meta":{"desktop":{"background-color":"var(--ast-global-color-5)","background-image":"","background-repeat":"repeat","background-position":"center center","background-size":"auto","background-attachment":"scroll","background-type":"","background-media":"","overlay-type":"","overlay-color":"","overlay-opacity":"","overlay-gradient":""},"tablet":{"background-color":"var(--ast-global-color-5)","background-image":"","background-repeat":"repeat","background-position":"center center","background-size":"auto","background-attachment":"scroll","background-type":"","background-media":"","overlay-type":"","overlay-color":"","overlay-opacity":"","overlay-gradient":""},"mobile":{"background-color":"var(--ast-global-color-5)","background-image":"","background-repeat":"repeat","background-position":"center center","background-size":"auto","background-attachment":"scroll","background-type":"","background-media":"","overlay-type":"","overlay-color":"","overlay-opacity":"","overlay-gradient":""}},"footnotes":""},"class_list":["post-9","page","type-page","status-publish","hentry"],"uagb_featured_image_src":{"full":false,"thumbnail":false,"medium":false,"medium_large":false,"large":false,"1536x1536":false,"2048x2048":false},"uagb_author_info":{"display_name":"admin","author_link":"https:\/\/nobeldigital.pl\/index.php\/author\/ireneuszszmagaj-eu\/"},"uagb_comment_info":0,"uagb_excerpt":"Us\u0142ugi dla Ciebie Kontakt","_links":{"self":[{"href":"https:\/\/nobeldigital.pl\/index.php\/wp-json\/wp\/v2\/pages\/9","targetHints":{"allow":["GET"]}}],"collection":[{"href":"https:\/\/nobeldigital.pl\/index.php\/wp-json\/wp\/v2\/pages"}],"about":[{"href":"https:\/\/nobeldigital.pl\/index.php\/wp-json\/wp\/v2\/types\/page"}],"author":[{"embeddable":true,"href":"https:\/\/nobeldigital.pl\/index.php\/wp-json\/wp\/v2\/users\/1"}],"replies":[{"embeddable":true,"href":"https:\/\/nobeldigital.pl\/index.php\/wp-json\/wp\/v2\/comments?post=9"}],"version-history":[{"count":121,"href":"https:\/\/nobeldigital.pl\/index.php\/wp-json\/wp\/v2\/pages\/9\/revisions"}],"predecessor-version":[{"id":184,"href":"https:\/\/nobeldigital.pl\/index.php\/wp-json\/wp\/v2\/pages\/9\/revisions\/184"}],"wp:attachment":[{"href":"https:\/\/nobeldigital.pl\/index.php\/wp-json\/wp\/v2\/media?parent=9"}],"curies":[{"name":"wp","href":"https:\/\/api.w.org\/{rel}","templated":true}]}}